{"id":91,"date":"2022-02-28T15:33:07","date_gmt":"2022-02-28T14:33:07","guid":{"rendered":"http:\/\/medecine-chinoise-aubagne.com\/?page_id=91"},"modified":"2025-09-22T16:48:26","modified_gmt":"2025-09-22T14:48:26","slug":"honoraires","status":"publish","type":"page","link":"https:\/\/medecine-chinoise-aubagne.com\/index.php\/honoraires\/","title":{"rendered":"Honoraires et conseils pratiques"},"content":{"rendered":"\n<h2 class=\"wp-block-heading\">Agn\u00e8s Hourtan\u00e9<\/h2>\n\n\n\n<p><strong>Cabinet du Charrel :<\/strong><br>Apr\u00e8s-midi : lundi et mardi<br>Matin:  mercredi et vendredi<\/p>\n\n\n\n<p><strong>Centre de M\u00e9decines Douces de l\u2019Alta Rocca :<\/strong><br>Journ\u00e9e compl\u00e8te: jeudi<\/p>\n\n\n\n<p>Bons cadeaux: <a href=\"agnes.hourtane@gmail.com\">agnes.hourtane@gmail.com<\/a><\/p>\n\n\n\n<h2 class=\"wp-block-heading\">Gabrielle Di Pasquale<\/h2>\n\n\n\n<p><strong>Cabinet du Charrel:<\/strong><br>Matin : lundi et mardi<br>Apr\u00e8s-midi: Mercredi et Vendredi<br>Journ\u00e9e compl\u00e8te: Jeudi<\/p>\n\n\n\n<div class=\"wp-block-buttons is-content-justification-space-between is-layout-flex wp-container-core-buttons-is-layout-3d213aab wp-block-buttons-is-layout-flex\">\n<div class=\"wp-block-button\"><a class=\"wp-block-button__link has-text-align-center wp-element-button\" href=\"https:\/\/www.crenolibre.fr\/therapeute\/medecine-chinoise\/aubagne\/13400\/78870-agnes_hourtane\">Prendre RDV avec Agn\u00e8s<\/a><\/div>\n\n\n\n<div class=\"wp-block-button\"><a class=\"wp-block-button__link wp-element-button\" href=\"https:\/\/www.crenolibre.fr\/therapeute\/energetique-chinoise\/aubagne\/13400\/120631-gabrielle_di-pasquale\">Prendre RDV avec Gabrielle<\/a><\/div>\n<\/div>\n\n\n\n<h2 class=\"wp-block-heading\">Tarifs consultations<\/h2>\n\n\n\n<p><strong>Consultation\u00a0 MTC: <\/strong>60\u20ac<br><strong>Consultation Auriculoth\u00e9rapie:<\/strong> 45\u20ac<br><strong>Massage Tuina\u00a045 min\/ s\u00e9ance visage : <\/strong>65\u20ac<br><strong>Massage Tuina 1h15 : <\/strong>85\u20ac<\/p>\n\n\n\n<p>Il est conseill\u00e9 de porter des sous-v\u00eatements confortables et de pr\u00e9voir un moment de repos apr\u00e8s les premi\u00e8res\u00a0 s\u00e9ances.<br>Les s\u00e9ances durent de 30 minutes \u00e0 1 heure.<\/p>\n\n\n\n<figure class=\"wp-block-image size-large\"><img loading=\"lazy\" decoding=\"async\" width=\"1024\" height=\"683\" src=\"http:\/\/medecine-chinoise-aubagne.com\/wp-content\/uploads\/2022\/04\/iStock-918477802-1024x683.jpg\" alt=\"\" class=\"wp-image-134\" srcset=\"https:\/\/medecine-chinoise-aubagne.com\/wp-content\/uploads\/2022\/04\/iStock-918477802-1024x683.jpg 1024w, https:\/\/medecine-chinoise-aubagne.com\/wp-content\/uploads\/2022\/04\/iStock-918477802-300x200.jpg 300w, https:\/\/medecine-chinoise-aubagne.com\/wp-content\/uploads\/2022\/04\/iStock-918477802-768x512.jpg 768w, https:\/\/medecine-chinoise-aubagne.com\/wp-content\/uploads\/2022\/04\/iStock-918477802.jpg 1254w\" sizes=\"auto, (max-width: 706px) 89vw, (max-width: 767px) 82vw, 740px\" \/><\/figure>\n","protected":false},"excerpt":{"rendered":"<p>Agn\u00e8s Hourtan\u00e9 Cabinet du Charrel :Apr\u00e8s-midi : lundi et mardiMatin: mercredi et vendredi Centre de M\u00e9decines Douces de l\u2019Alta Rocca :Journ\u00e9e compl\u00e8te: jeudi Bons cadeaux: agnes.hourtane@gmail.com Gabrielle Di Pasquale Cabinet du Charrel:Matin : lundi et mardiApr\u00e8s-midi: Mercredi et VendrediJourn\u00e9e compl\u00e8te: Jeudi Tarifs consultations Consultation\u00a0 MTC: 60\u20acConsultation Auriculoth\u00e9rapie: 45\u20acMassage Tuina\u00a045 min\/ s\u00e9ance visage : 65\u20acMassage Tuina &hellip; <\/p>\n<p class=\"link-more\"><a href=\"https:\/\/medecine-chinoise-aubagne.com\/index.php\/honoraires\/\" class=\"more-link\">Continuer la lecture<span class=\"screen-reader-text\"> de &laquo;&nbsp;Honoraires et conseils pratiques&nbsp;&raquo;<\/span><\/a><\/p>\n","protected":false},"author":1,"featured_media":0,"parent":0,"menu_order":0,"comment_status":"closed","ping_status":"closed","template":"","meta":{"footnotes":""},"class_list":["post-91","page","type-page","status-publish","hentry"],"_links":{"self":[{"href":"https:\/\/medecine-chinoise-aubagne.com\/index.php\/wp-json\/wp\/v2\/pages\/91","targetHints":{"allow":["GET"]}}],"collection":[{"href":"https:\/\/medecine-chinoise-aubagne.com\/index.php\/wp-json\/wp\/v2\/pages"}],"about":[{"href":"https:\/\/medecine-chinoise-aubagne.com\/index.php\/wp-json\/wp\/v2\/types\/page"}],"author":[{"embeddable":true,"href":"https:\/\/medecine-chinoise-aubagne.com\/index.php\/wp-json\/wp\/v2\/users\/1"}],"replies":[{"embeddable":true,"href":"https:\/\/medecine-chinoise-aubagne.com\/index.php\/wp-json\/wp\/v2\/comments?post=91"}],"version-history":[{"count":15,"href":"https:\/\/medecine-chinoise-aubagne.com\/index.php\/wp-json\/wp\/v2\/pages\/91\/revisions"}],"predecessor-version":[{"id":339,"href":"https:\/\/medecine-chinoise-aubagne.com\/index.php\/wp-json\/wp\/v2\/pages\/91\/revisions\/339"}],"wp:attachment":[{"href":"https:\/\/medecine-chinoise-aubagne.com\/index.php\/wp-json\/wp\/v2\/media?parent=91"}],"curies":[{"name":"wp","href":"https:\/\/api.w.org\/{rel}","templated":true}]}}