{"id":34,"date":"2022-02-24T14:52:39","date_gmt":"2022-02-24T13:52:39","guid":{"rendered":"http:\/\/medecine-chinoise-aubagne.com\/?page_id=34"},"modified":"2025-12-31T10:47:21","modified_gmt":"2025-12-31T09:47:21","slug":"accueil","status":"publish","type":"page","link":"https:\/\/medecine-chinoise-aubagne.com\/index.php\/accueil\/","title":{"rendered":"L&rsquo;\u00e9nerg\u00e9tique traditionnelle chinoise"},"content":{"rendered":"\n<p>Les manifestations ressenties ne forment que la partie visible de l&rsquo;iceberg, souvent li\u00e9 \u00e0 un d\u00e9s\u00e9quilibre \u00e9nerg\u00e9tique global. Ces d\u00e9s\u00e9quilibres peuvent avoir diff\u00e9rentes origines :<\/p>\n\n\n\n<p>\u25cf <strong>Externes<\/strong> : traumatismes, climat, habitudes alimentaires, conditions de travail exigeantes\u2026<\/p>\n\n\n\n<p>\u25cf <strong>Internes<\/strong> : v\u00e9cu \u00e9motionnel, stress, tensions, traces anciennes\u2026<\/p>\n\n\n\n<p>\u25cf <strong>Environnementales<\/strong> : pollution, tabagisme, habitudes de vie, prises m\u00e9dicamenteuses\u2026<\/p>\n\n\n\n<p>\u25cf <strong>Li\u00e9es au lieu de vie<\/strong> : habitat, environnement, principes du Feng Shui\u2026<\/p>\n\n\n\n<p>Le r\u00f4le d\u2019un praticien en \u00e9nerg\u00e9tique traditionnelle chinoise est d\u2019aborder chaque personne dans sa globalit\u00e9, en tenant compte de son environnement et de son mode de vie.<\/p>\n\n\n\n<figure class=\"wp-block-image size-large\"><img loading=\"lazy\" decoding=\"async\" width=\"1024\" height=\"683\" src=\"http:\/\/medecine-chinoise-aubagne.com\/wp-content\/uploads\/2022\/04\/iStock-1083116960-1024x683.jpg\" alt=\"\" class=\"wp-image-113\" srcset=\"https:\/\/medecine-chinoise-aubagne.com\/wp-content\/uploads\/2022\/04\/iStock-1083116960-1024x683.jpg 1024w, https:\/\/medecine-chinoise-aubagne.com\/wp-content\/uploads\/2022\/04\/iStock-1083116960-300x200.jpg 300w, https:\/\/medecine-chinoise-aubagne.com\/wp-content\/uploads\/2022\/04\/iStock-1083116960-768x512.jpg 768w, https:\/\/medecine-chinoise-aubagne.com\/wp-content\/uploads\/2022\/04\/iStock-1083116960-1536x1024.jpg 1536w, https:\/\/medecine-chinoise-aubagne.com\/wp-content\/uploads\/2022\/04\/iStock-1083116960-2048x1365.jpg 2048w\" sizes=\"auto, (max-width: 706px) 89vw, (max-width: 767px) 82vw, 740px\" \/><\/figure>\n\n\n\n<hr class=\"wp-block-separator has-css-opacity\"\/>\n\n\n\n<h1 class=\"wp-block-heading\"><strong>Qu\u2019est-ce que l&rsquo;Energ\u00e9tique Traditionnelle Chinoise ?<\/strong><\/h1>\n\n\n\n<p>Issue de plusieurs mill\u00e9naires de pratiques, la MTC s\u2019inspire de la vision tao\u00efste de la nature et repose sur les notions de Yin et de Yang, des cinq mouvements et du Qi.<\/p>\n\n\n\n<p>Yin et Yang sont deux polarit\u00e9s indissociables, compl\u00e9mentaires et n\u00e9cessaires aux cycles de transformation du vivant : apparition, d\u00e9veloppement, maturation, d\u00e9clin et renouveau.<\/p>\n\n\n\n<p>De leur interaction na\u00eet le Qi, souvent traduit par souffle ou \u00e9nergie. Le Qi est consid\u00e9r\u00e9 comme omnipr\u00e9sent et en mouvement constant.<\/p>\n\n\n\n<p>Les Cinq \u00c9l\u00e9ments, \u00e9galement appel\u00e9s Cinq Mouvements, d\u00e9crivent des qualit\u00e9s d\u2019\u00e9nergie sp\u00e9cifiques, en lien avec les saisons. Ces qualit\u00e9s se d\u00e9clinent \u00e0 plusieurs niveaux et offrent une lecture symbolique des interactions du vivant :<\/p>\n\n\n\n<p>\u25cf <strong>principes des \u00e9l\u00e9ments<\/strong> (Bois, Feu, Terre, M\u00e9tal, Eau),<\/p>\n\n\n\n<p>\u25cf <strong>principes corporels<\/strong>, associ\u00e9s aux grands syst\u00e8mes fonctionnels d\u00e9crits par la tradition chinoise (Zang et Fu),<\/p>\n\n\n\n<p>\u25cf <strong>principes \u00e9motionnels<\/strong> (col\u00e8re, joie, harmonie, tristesse, peur),<\/p>\n\n\n\n<p>\u25cf <strong>principes spirituels<\/strong>, li\u00e9s aux dynamiques d\u2019expression, d\u2019\u00e9quilibre et de potentiel.<\/p>\n\n\n\n<p>Cette approche, tr\u00e8s diff\u00e9rente des mod\u00e8les occidentaux, repose sur un syst\u00e8me d\u2019observation et de lecture \u00e9nerg\u00e9tique structur\u00e9. Elle s\u2019inscrit dans une tradition culturelle et philosophique ancienne, distincte des pratiques m\u00e9dicales occidentales.<\/p>\n\n\n\n<p>Aujourd\u2019hui, cette tradition est largement r\u00e9pandue dans de nombreuses r\u00e9gions du monde et continue d\u2019\u00eatre transmise et pratiqu\u00e9e par des millions de personnes.<\/p>\n\n\n<div class=\"wp-block-image\">\n<figure class=\"aligncenter size-large\"><img loading=\"lazy\" decoding=\"async\" width=\"1024\" height=\"1024\" src=\"http:\/\/medecine-chinoise-aubagne.com\/wp-content\/uploads\/2022\/04\/iStock-526533067-1024x1024.jpg\" alt=\"\" class=\"wp-image-125\" srcset=\"https:\/\/medecine-chinoise-aubagne.com\/wp-content\/uploads\/2022\/04\/iStock-526533067.jpg 1024w, https:\/\/medecine-chinoise-aubagne.com\/wp-content\/uploads\/2022\/04\/iStock-526533067-300x300.jpg 300w, https:\/\/medecine-chinoise-aubagne.com\/wp-content\/uploads\/2022\/04\/iStock-526533067-150x150.jpg 150w, https:\/\/medecine-chinoise-aubagne.com\/wp-content\/uploads\/2022\/04\/iStock-526533067-768x768.jpg 768w, https:\/\/medecine-chinoise-aubagne.com\/wp-content\/uploads\/2022\/04\/iStock-526533067-100x100.jpg 100w\" sizes=\"auto, (max-width: 706px) 89vw, (max-width: 767px) 82vw, 740px\" \/><\/figure>\n<\/div>\n\n\n<hr class=\"wp-block-separator has-css-opacity\"\/>\n\n\n\n<h1 class=\"wp-block-heading\"><strong>La pratique de la MTC<\/strong> <\/h1>\n\n\n\n<p>Traditionnellement, la pratique de la MTC dans sa globalit\u00e9 regroupe cinq pratiques, toutes bas\u00e9es sur les m\u00eames principes fondamentaux :<\/p>\n\n\n\n<p>\u25cf Acupuncture<br>\u25cf Pharmacop\u00e9e chinoise<br>\u25cf Di\u00e9t\u00e9tique et nutrition<br>\u25cf Mobilisation ost\u00e9o-articulaire et massage Tui Na<br>\u25cf Pratique du Qi Gong et du Tai Chi<\/p>\n\n\n\n<div class=\"wp-block-buttons is-layout-flex wp-block-buttons-is-layout-flex\">\n<div class=\"wp-block-button aligncenter\"><a class=\"wp-block-button__link wp-element-button\" href=\"http:\/\/medecine-chinoise-aubagne.com\/index.php\/le-massage-tuina\/\">En savoir plus sur le Tuina<\/a><\/div>\n<\/div>\n\n\n\n<p>Ces pratiques visent \u00e0 favoriser l\u2019\u00e9quilibre \u00e9nerg\u00e9tique dans les m\u00e9ridiens, selon les principes de la MTC.<br>La MTC s\u2019inscrit dans une d\u00e9marche de pr\u00e9servation de l\u2019\u00e9quilibre g\u00e9n\u00e9ral, d\u2019accompagnement et de soutien du bien-\u00eatre, notamment dans des situations de d\u00e9s\u00e9quilibres fonctionnels, qu\u2019ils soient ponctuels ou install\u00e9s dans le temps.<\/p>\n\n\n\n<p>Elle peut \u00eatre utilis\u00e9e en accompagnement de personnes pr\u00e9sentant, par exemple, des manifestations fonctionnelles telles que :<\/p>\n\n\n\n<p>\u25cf Inconforts digestifs (ballonnements, naus\u00e9es, troubles du transit\u2026)<br>\u25cf G\u00eanes respiratoires fonctionnelles (sensibilit\u00e9 saisonni\u00e8re, inconfort ORL\u2026)<br>\u25cf Sensations circulatoires inconfortables (jambes lourdes, sensations de tension\u2026)<br>\u25cf Raideurs et inconforts ost\u00e9oarticulaires<br>\u25cf Manifestations cutan\u00e9es fonctionnelles<br>\u25cf Inconforts li\u00e9s aux cycles f\u00e9minins et aux grandes \u00e9tapes hormonales<br>\u25cf D\u00e9s\u00e9quilibres fonctionnels de la sph\u00e8re urinaire ou reproductive<br>\u25cf D\u00e9s\u00e9quilibres m\u00e9taboliques fonctionnels<br>\u25cf D\u00e9s\u00e9quilibres \u00e9motionnels et troubles du sommeil<br>\u25cf Sensibilit\u00e9s oculaires ou auditives fonctionnelles<\/p>\n\n\n\n<p>La MTC propose un accompagnement global de la personne, visant \u00e0 am\u00e9liorer son ressenti g\u00e9n\u00e9ral et sa qualit\u00e9 de vie, quelles que soient les situations rencontr\u00e9es.<\/p>\n\n\n\n<p>Sans se substituer \u00e0 la m\u00e9decine conventionnelle, elle s\u2019inscrit dans une d\u00e9marche compl\u00e9mentaire.<br>L\u2019association des deux approches peut contribuer \u00e0 une meilleure prise en compte globale de la personne.<\/p>\n\n\n<div class=\"wp-block-image\">\n<figure class=\"aligncenter size-large\"><img loading=\"lazy\" decoding=\"async\" width=\"1024\" height=\"683\" src=\"http:\/\/medecine-chinoise-aubagne.com\/wp-content\/uploads\/2022\/04\/iStock-1083702924-1024x683.jpg\" alt=\"\" class=\"wp-image-112\" srcset=\"https:\/\/medecine-chinoise-aubagne.com\/wp-content\/uploads\/2022\/04\/iStock-1083702924-1024x683.jpg 1024w, https:\/\/medecine-chinoise-aubagne.com\/wp-content\/uploads\/2022\/04\/iStock-1083702924-300x200.jpg 300w, https:\/\/medecine-chinoise-aubagne.com\/wp-content\/uploads\/2022\/04\/iStock-1083702924-768x512.jpg 768w, https:\/\/medecine-chinoise-aubagne.com\/wp-content\/uploads\/2022\/04\/iStock-1083702924-1536x1024.jpg 1536w, https:\/\/medecine-chinoise-aubagne.com\/wp-content\/uploads\/2022\/04\/iStock-1083702924-2048x1365.jpg 2048w\" sizes=\"auto, (max-width: 706px) 89vw, (max-width: 767px) 82vw, 740px\" \/><\/figure>\n<\/div>\n\n\n<hr class=\"wp-block-separator has-css-opacity\"\/>\n\n\n\n<h1 class=\"wp-block-heading\"><strong>D\u00e9roulement d\u2019une s\u00e9ance<\/strong><\/h1>\n\n\n\n<h2 class=\"wp-block-heading\"><strong>L\u2019examen<\/strong><\/h2>\n\n\n\n<p>G\u00e9n\u00e9ralement lors de la premi\u00e8re consultation, la personne b\u00e9n\u00e9ficie d\u2019un bilan \u00e9nerg\u00e9tique pouvant durer environ 30 minutes :<\/p>\n\n\n\n<p>\u25cf observation (teint, apparence, gestuelle)<br>\u25cf entretien approfondi (motif de consultation, ant\u00e9c\u00e9dents personnels et familiaux, sommeil, alimentation\u2026)<br>\u25cf olfaction et audition<br>\u25cf palpation abdominale et dorsale, prise des pouls chinois, observation de la langue<\/p>\n\n\n\n<p>Les pouls chinois et l\u2019observation de la langue sont deux \u00e9l\u00e9ments fondamentaux de l\u2019analyse \u00e9nerg\u00e9tique en M\u00e9decine Traditionnelle Chinoise.<\/p>\n\n\n\n<p>Les pouls apportent des indications sur la dynamique \u00e9nerg\u00e9tique des organes et des m\u00e9ridiens, sur la qualit\u00e9 et la circulation de l\u2019\u00e9nergie, selon les grilles de lecture propres \u00e0 la MTC.<\/p>\n\n\n\n<p>L\u2019observation de la langue permet d\u2019appr\u00e9cier l\u2019\u00e9quilibre des trois foyers \u00e9nerg\u00e9tiques :<br>\u2013 foyer sup\u00e9rieur (sph\u00e8re cardio-pulmonaire),<br>\u2013 foyer m\u00e9dian (sph\u00e8re digestive),<br>\u2013 foyer inf\u00e9rieur (sph\u00e8re urinaire),<br>ainsi que l\u2019\u00e9volution dans le temps des d\u00e9s\u00e9quilibres \u00e9nerg\u00e9tiques.<\/p>\n\n\n\n<p> Une consultation en MTC ne dispense pas le patient d\u2019un suivi m\u00e9dical par son m\u00e9decin traitant.<\/p>\n\n\n\n<h2 class=\"wp-block-heading\"><strong>Les Outils<\/strong><\/h2>\n\n\n\n<p>La M\u00e9decine Traditionnelle Chinoise dispose de plusieurs outils pour accompagner les besoins de chacun, selon les principes \u00e9nerg\u00e9tiques qui lui sont propres.<\/p>\n\n\n\n<p><strong>L\u2019acupuncture<\/strong>, avec l\u2019utilisation d\u2019aiguilles st\u00e9riles \u00e0 usage unique. L\u2019insertion de l\u2019aiguille est g\u00e9n\u00e9ralement indolore et peut s\u2019accompagner de sensations telles que fourmillements, engourdissement, lourdeur, chaleur, froid ou rougeur localis\u00e9e. Ces sensations correspondent \u00e0 une perception \u00e9nerg\u00e9tique couramment d\u00e9crite en MTC.<\/p>\n\n\n\n<p><strong>L\u2019acupression (digitopuncture)<\/strong> repose sur les m\u00eames principes que l\u2019acupuncture, sans utilisation d\u2019aiguilles. Le travail \u00e9nerg\u00e9tique est r\u00e9alis\u00e9 par pression des doigts et est fr\u00e9quemment utilis\u00e9 chez les enfants et les personnes sensibles.<\/p>\n\n\n\n<p><strong>La moxibustion<\/strong> consiste \u00e0 chauffer certains points \u00e0 l\u2019aide d\u2019un b\u00e2tonnet d\u2019armoise s\u00e9ch\u00e9e (<em>Artemisia vulgaris<\/em>). La sensation per\u00e7ue est une chaleur douce et diffuse, localis\u00e9e ou le long d\u2019un m\u00e9ridien.<\/p>\n\n\n\n<p><strong>La technique des ventouses<\/strong>, traditionnellement utilis\u00e9e en M\u00e9decine Traditionnelle Chinoise, est interdite en France depuis d\u00e9cembre 2023.<\/p>\n\n\n\n<p><strong>Le massage Tui Na<\/strong> repose sur des techniques manuelles appliqu\u00e9es le long des trajets des m\u00e9ridiens, associ\u00e9es \u00e0 des mobilisations douces de certaines articulations, dans un objectif de d\u00e9tente et de circulation \u00e9nerg\u00e9tique.<br>Ce travail peut \u00eatre compl\u00e9t\u00e9 par l\u2019utilisation d\u2019un <strong>Gua Sha<\/strong> (instrument traditionnel), utilis\u00e9 pour favoriser la circulation \u00e9nerg\u00e9tique et rel\u00e2cher les zones de tension.<\/p>\n\n\n\n<p>Le travail \u00e9nerg\u00e9tique peut \u00eatre compl\u00e9t\u00e9 par des <strong>conseils d\u2019hygi\u00e8ne de vie<\/strong> (rythme, sommeil\u2026) et\/ou des <strong>recommandations alimentaires<\/strong>, dans une d\u00e9marche d\u2019\u00e9quilibre global.<\/p>\n\n\n<div class=\"wp-block-image\">\n<figure class=\"aligncenter size-large\"><img loading=\"lazy\" decoding=\"async\" width=\"1024\" height=\"683\" src=\"http:\/\/medecine-chinoise-aubagne.com\/wp-content\/uploads\/2022\/04\/iStock-1083107654-1024x683.jpg\" alt=\"\" class=\"wp-image-114\" srcset=\"https:\/\/medecine-chinoise-aubagne.com\/wp-content\/uploads\/2022\/04\/iStock-1083107654-1024x683.jpg 1024w, https:\/\/medecine-chinoise-aubagne.com\/wp-content\/uploads\/2022\/04\/iStock-1083107654-300x200.jpg 300w, https:\/\/medecine-chinoise-aubagne.com\/wp-content\/uploads\/2022\/04\/iStock-1083107654-768x512.jpg 768w, https:\/\/medecine-chinoise-aubagne.com\/wp-content\/uploads\/2022\/04\/iStock-1083107654-1536x1024.jpg 1536w, https:\/\/medecine-chinoise-aubagne.com\/wp-content\/uploads\/2022\/04\/iStock-1083107654-2048x1365.jpg 2048w\" sizes=\"auto, (max-width: 706px) 89vw, (max-width: 767px) 82vw, 740px\" \/><\/figure>\n<\/div>\n\n\n<h2 class=\"wp-block-heading\"><strong>R\u00e9actions possibles apr\u00e8s une s\u00e9ance<\/strong><\/h2>\n\n\n\n<p>Comme toute pratique corporelle active, une s\u00e9ance de MTC peut s\u2019accompagner de r\u00e9actions transitoires telles qu\u2019une fatigue passag\u00e8re, des sensations inhabituelles ou une modification temporaire du ressenti initial.<\/p>\n\n\n\n<p>Ces r\u00e9actions sont variables selon les personnes et disparaissent g\u00e9n\u00e9ralement spontan\u00e9ment. Elles ne sont ni syst\u00e9matiques ni n\u00e9cessaires. Chaque corps r\u00e9agit de mani\u00e8re diff\u00e9rente.<\/p>\n\n\n\n<p>Il n\u2019existe pas de contre-indication avec d\u2019autres approches corporelles (ost\u00e9opathie, kin\u00e9sith\u00e9rapie\u2026), \u00e0 condition de respecter un d\u00e9lai de quelques jours entre les s\u00e9ances, afin de permettre au corps de s\u2019adapter et de b\u00e9n\u00e9ficier pleinement de chaque pratique.<\/p>\n\n\n\n<p>L\u2019approche de la MTC et celle de la m\u00e9decine conventionnelle sont compatibles et compl\u00e9mentaires.<br><strong>Il est recommand\u00e9 de poursuivre un suivi r\u00e9gulier aupr\u00e8s de son m\u00e9decin traitant et de respecter toute prescription m\u00e9dicale.<br>Les traitements m\u00e9dicamenteux ne doivent en aucun cas \u00eatre modifi\u00e9s ou interrompus sans avis m\u00e9dical.<\/strong><\/p>\n\n\n\n<div class=\"wp-block-buttons is-content-justification-space-between is-layout-flex wp-container-core-buttons-is-layout-3d213aab wp-block-buttons-is-layout-flex\">\n<div class=\"wp-block-button is-style-outline is-style-outline--1\"><a class=\"wp-block-button__link wp-element-button\" href=\"https:\/\/www.crenolibre.fr\/therapeute\/medecine-chinoise\/aubagne\/13400\/78870-agnes_hourtane\">Prendre rendez-vous avec Agn\u00e8s<\/a><\/div>\n\n\n\n<div class=\"wp-block-button is-style-outline is-style-outline--2\"><a class=\"wp-block-button__link wp-element-button\" href=\"https:\/\/www.crenolibre.fr\/therapeute\/medecine-traditionnelle-chinoise-massage-tuina-qi-nei-tsang\/aubagne\/13400\/120631-gabrielle_di-pasquale\">Prendre rendez-vous avec Gabrielle<\/a><\/div>\n<\/div>\n\n\n\n<p><\/p>\n","protected":false},"excerpt":{"rendered":"<p>Les manifestations ressenties ne forment que la partie visible de l&rsquo;iceberg, souvent li\u00e9 \u00e0 un d\u00e9s\u00e9quilibre \u00e9nerg\u00e9tique global. Ces d\u00e9s\u00e9quilibres peuvent avoir diff\u00e9rentes origines : \u25cf Externes : traumatismes, climat, habitudes alimentaires, conditions de travail exigeantes\u2026 \u25cf Internes : v\u00e9cu \u00e9motionnel, stress, tensions, traces anciennes\u2026 \u25cf Environnementales : pollution, tabagisme, habitudes de vie, prises m\u00e9dicamenteuses\u2026 &hellip; <\/p>\n<p class=\"link-more\"><a href=\"https:\/\/medecine-chinoise-aubagne.com\/index.php\/accueil\/\" class=\"more-link\">Continuer la lecture<span class=\"screen-reader-text\"> de &laquo;&nbsp;L&rsquo;\u00e9nerg\u00e9tique traditionnelle chinoise&nbsp;&raquo;<\/span><\/a><\/p>\n","protected":false},"author":1,"featured_media":0,"parent":0,"menu_order":2,"comment_status":"closed","ping_status":"closed","template":"","meta":{"footnotes":""},"class_list":["post-34","page","type-page","status-publish","hentry"],"_links":{"self":[{"href":"https:\/\/medecine-chinoise-aubagne.com\/index.php\/wp-json\/wp\/v2\/pages\/34","targetHints":{"allow":["GET"]}}],"collection":[{"href":"https:\/\/medecine-chinoise-aubagne.com\/index.php\/wp-json\/wp\/v2\/pages"}],"about":[{"href":"https:\/\/medecine-chinoise-aubagne.com\/index.php\/wp-json\/wp\/v2\/types\/page"}],"author":[{"embeddable":true,"href":"https:\/\/medecine-chinoise-aubagne.com\/index.php\/wp-json\/wp\/v2\/users\/1"}],"replies":[{"embeddable":true,"href":"https:\/\/medecine-chinoise-aubagne.com\/index.php\/wp-json\/wp\/v2\/comments?post=34"}],"version-history":[{"count":28,"href":"https:\/\/medecine-chinoise-aubagne.com\/index.php\/wp-json\/wp\/v2\/pages\/34\/revisions"}],"predecessor-version":[{"id":371,"href":"https:\/\/medecine-chinoise-aubagne.com\/index.php\/wp-json\/wp\/v2\/pages\/34\/revisions\/371"}],"wp:attachment":[{"href":"https:\/\/medecine-chinoise-aubagne.com\/index.php\/wp-json\/wp\/v2\/media?parent=34"}],"curies":[{"name":"wp","href":"https:\/\/api.w.org\/{rel}","templated":true}]}}