{"id":327,"date":"2025-09-22T16:49:57","date_gmt":"2025-09-22T14:49:57","guid":{"rendered":"https:\/\/medecine-chinoise-aubagne.com\/?page_id=327"},"modified":"2025-12-31T10:34:26","modified_gmt":"2025-12-31T09:34:26","slug":"lauriculotherapie","status":"publish","type":"page","link":"https:\/\/medecine-chinoise-aubagne.com\/index.php\/lauriculotherapie\/","title":{"rendered":"L&rsquo;auriculoth\u00e9rapie"},"content":{"rendered":"\n<h2 class=\"wp-block-heading\">Une m\u00e9thode simple et accessible<\/h2>\n\n\n\n<p>L\u2019auriculoth\u00e9rapie est une technique r\u00e9flexe qui utilise le pavillon de l\u2019oreille comme zone de correspondances.<br>Selon cette approche, certaines zones de l\u2019oreille sont mises en relation, dans un cadre conceptuel, avec diff\u00e9rentes parties ou fonctions du corps, constituant une cartographie utilis\u00e9e pour un travail r\u00e9flexe \u00e0 distance, sans acte m\u00e9dical.<\/p>\n\n\n\n<p>Si ses racines se retrouvent dans les traditions \u00e9nerg\u00e9tiques chinoises, l\u2019auriculoth\u00e9rapie moderne a \u00e9t\u00e9 d\u00e9velopp\u00e9e en France dans les ann\u00e9es 1950 par le Dr Paul Nogier, m\u00e9decin lyonnais.<br>Ses travaux ont d\u00e9crit une repr\u00e9sentation dite du \u00ab f\u0153tus invers\u00e9 \u00bb au niveau de l\u2019oreille et ont contribu\u00e9 \u00e0 structurer cette approche, aujourd\u2019hui r\u00e9pertori\u00e9e par l\u2019Organisation Mondiale de la Sant\u00e9 comme pratique traditionnelle et compl\u00e9mentaire, sans se substituer \u00e0 la m\u00e9decine conventionnelle.<\/p>\n\n\n<div class=\"wp-block-image\">\n<figure class=\"aligncenter size-large is-resized\"><img loading=\"lazy\" decoding=\"async\" width=\"1080\" height=\"1080\" src=\"https:\/\/medecine-chinoise-aubagne.com\/wp-content\/uploads\/2025\/09\/Sous-titre-1-edited.png\" alt=\"\" class=\"wp-image-333\" style=\"width:398px;height:auto\" srcset=\"https:\/\/medecine-chinoise-aubagne.com\/wp-content\/uploads\/2025\/09\/Sous-titre-1-edited.png 1080w, https:\/\/medecine-chinoise-aubagne.com\/wp-content\/uploads\/2025\/09\/Sous-titre-1-edited-300x300.png 300w, https:\/\/medecine-chinoise-aubagne.com\/wp-content\/uploads\/2025\/09\/Sous-titre-1-edited-1024x1024.png 1024w, https:\/\/medecine-chinoise-aubagne.com\/wp-content\/uploads\/2025\/09\/Sous-titre-1-edited-150x150.png 150w, https:\/\/medecine-chinoise-aubagne.com\/wp-content\/uploads\/2025\/09\/Sous-titre-1-edited-768x768.png 768w, https:\/\/medecine-chinoise-aubagne.com\/wp-content\/uploads\/2025\/09\/Sous-titre-1-edited-100x100.png 100w\" sizes=\"auto, (max-width: 706px) 89vw, (max-width: 767px) 82vw, 740px\" \/><\/figure>\n<\/div>\n\n\n<h2 class=\"wp-block-heading\">Une pratique globale et compl\u00e8te de bien-\u00eatre<\/h2>\n\n\n\n<p>L\u2019auriculoth\u00e9rapie repose sur la stimulation de zones sp\u00e9cifiques du pavillon auriculaire, \u00e0 l\u2019aide de diff\u00e9rents supports tels que de petites graines maintenues par un pansement, ou encore un stylet.<br>Cette stimulation est utilis\u00e9e dans une approche r\u00e9flexe et \u00e9nerg\u00e9tique, visant \u00e0 favoriser des r\u00e9ponses d\u2019adaptation de l\u2019organisme et \u00e0 soutenir l\u2019\u00e9quilibre global de la personne, sans acte m\u00e9dical ni finalit\u00e9 th\u00e9rapeutique.<\/p>\n\n\n\n<p>Elle est particuli\u00e8rement indiqu\u00e9e pour :<\/p>\n\n\n\n<ul class=\"wp-block-list\">\n<li>accompagner les inconforts persistants ou ponctuels, notamment au niveau articulaire, musculaire ou en cas de tensions c\u00e9phal\u00e9es,<\/li>\n\n\n\n<li>s\u2019inscrire dans une d\u00e9marche d\u2019accompagnement lors de p\u00e9riodes de changement de comportement, comme l\u2019arr\u00eat du tabac ou d\u2019autres habitudes,<\/li>\n\n\n\n<li>favoriser un meilleur confort du sommeil et une sensation d\u2019apaisement face aux tensions et au stress du quotidien,<\/li>\n\n\n\n<li>soutenir l\u2019\u00e9quilibre digestif et le ressenti global li\u00e9 aux sph\u00e8res gyn\u00e9cologique et urinaire,<\/li>\n\n\n\n<li>accompagner une d\u00e9marche d\u2019\u00e9quilibre corporel et \u00e9motionnel, notamment dans le cadre d\u2019un travail sur l\u2019hygi\u00e8ne de vie.<\/li>\n<\/ul>\n\n\n\n<div class=\"wp-block-buttons is-content-justification-center is-layout-flex wp-container-core-buttons-is-layout-16018d1d wp-block-buttons-is-layout-flex\">\n<div class=\"wp-block-button\"><a class=\"wp-block-button__link wp-element-button\" href=\"https:\/\/www.crenolibre.fr\/therapeute\/medecine-chinoise\/aubagne\/13400\/78870-agnes_hourtane\">Prendre RDV avec Agn\u00e8s<\/a><\/div>\n<\/div>\n","protected":false},"excerpt":{"rendered":"<p>Une m\u00e9thode simple et accessible L\u2019auriculoth\u00e9rapie est une technique r\u00e9flexe qui utilise le pavillon de l\u2019oreille comme zone de correspondances.Selon cette approche, certaines zones de l\u2019oreille sont mises en relation, dans un cadre conceptuel, avec diff\u00e9rentes parties ou fonctions du corps, constituant une cartographie utilis\u00e9e pour un travail r\u00e9flexe \u00e0 distance, sans acte m\u00e9dical. Si &hellip; <\/p>\n<p class=\"link-more\"><a href=\"https:\/\/medecine-chinoise-aubagne.com\/index.php\/lauriculotherapie\/\" class=\"more-link\">Continuer la lecture<span class=\"screen-reader-text\"> de &laquo;&nbsp;L&rsquo;auriculoth\u00e9rapie&nbsp;&raquo;<\/span><\/a><\/p>\n","protected":false},"author":1,"featured_media":0,"parent":0,"menu_order":0,"comment_status":"closed","ping_status":"closed","template":"","meta":{"footnotes":""},"class_list":["post-327","page","type-page","status-publish","hentry"],"_links":{"self":[{"href":"https:\/\/medecine-chinoise-aubagne.com\/index.php\/wp-json\/wp\/v2\/pages\/327","targetHints":{"allow":["GET"]}}],"collection":[{"href":"https:\/\/medecine-chinoise-aubagne.com\/index.php\/wp-json\/wp\/v2\/pages"}],"about":[{"href":"https:\/\/medecine-chinoise-aubagne.com\/index.php\/wp-json\/wp\/v2\/types\/page"}],"author":[{"embeddable":true,"href":"https:\/\/medecine-chinoise-aubagne.com\/index.php\/wp-json\/wp\/v2\/users\/1"}],"replies":[{"embeddable":true,"href":"https:\/\/medecine-chinoise-aubagne.com\/index.php\/wp-json\/wp\/v2\/comments?post=327"}],"version-history":[{"count":9,"href":"https:\/\/medecine-chinoise-aubagne.com\/index.php\/wp-json\/wp\/v2\/pages\/327\/revisions"}],"predecessor-version":[{"id":368,"href":"https:\/\/medecine-chinoise-aubagne.com\/index.php\/wp-json\/wp\/v2\/pages\/327\/revisions\/368"}],"wp:attachment":[{"href":"https:\/\/medecine-chinoise-aubagne.com\/index.php\/wp-json\/wp\/v2\/media?parent=327"}],"curies":[{"name":"wp","href":"https:\/\/api.w.org\/{rel}","templated":true}]}}