{"id":261,"date":"2024-11-06T19:45:54","date_gmt":"2024-11-06T18:45:54","guid":{"rendered":"https:\/\/medecine-chinoise-aubagne.com\/?page_id=261"},"modified":"2025-12-31T10:44:55","modified_gmt":"2025-12-31T09:44:55","slug":"bien-etre-et-bon-cadeaux","status":"publish","type":"page","link":"https:\/\/medecine-chinoise-aubagne.com\/index.php\/bien-etre-et-bon-cadeaux\/","title":{"rendered":"Bien-\u00catre et Bons Cadeaux"},"content":{"rendered":"\n<p>Pour ceux qui souhaitent un moment de d\u00e9tente, de r\u00e9g\u00e9n\u00e9ration ou ceux qui recherchent des id\u00e9es cadeaux.<\/p>\n\n\n\n<ul class=\"wp-block-list\">\n<li><strong>Massage Traditionnel Chinois Tuina corps entier<\/strong>: 85\u20ac \/ 1 heure 15<br>massage aux huiles essentielles sur le corps entier (dos, bras, mains, jambes, pieds, abdomen, thorax, visage), s\u2019inscrivant dans une approche de d\u00e9tente globale et d\u2019harmonisation \u00e9nerg\u00e9tique, selon les principes du Tui Na.<br><br><\/li>\n\n\n\n<li><strong>Massage Traditionnel Chinois Tuina<\/strong>: 65\u20ac \/ 45 minutes<br>massage aux huiles essentielles sur le dos, mains, pieds et visage, visant \u00e0 rel\u00e2cher les zones de tensions et \u00e0 favoriser une sensation de confort et de d\u00e9tente corporelle.<br><br><\/li>\n\n\n\n<li><strong>S\u00e9ance de MTC<\/strong> : 60\u20ac \/ 45minutes<br>R\u00e9\u00e9quilibrage \u00e9nerg\u00e9tique et massage du dos.<br><br><\/li>\n\n\n\n<li><strong>S\u00e9ance de soins pour la beaut\u00e9 du visage, Aculift<\/strong> : 65\u20ac \/ 45 minutes<br>Soin esth\u00e9tique et de bien-\u00eatre, associant massage, utilisation du gua sha et rouleau de jade pour favoriser la d\u00e9tente et l&rsquo;\u00e9clat du visage.<\/li>\n<\/ul>\n\n\n\n<div class=\"wp-block-columns is-layout-flex wp-container-core-columns-is-layout-9d6595d7 wp-block-columns-is-layout-flex\">\n<div class=\"wp-block-column is-layout-flow wp-block-column-is-layout-flow\" style=\"flex-basis:100%\">\n<div class=\"wp-block-buttons is-content-justification-space-between is-layout-flex wp-container-core-buttons-is-layout-3d213aab wp-block-buttons-is-layout-flex\">\n<div class=\"wp-block-button is-style-outline is-style-outline--1\"><a class=\"wp-block-button__link wp-element-button\" href=\"agnes.hourtane@gmail.com\">Demande de bon cadeau avec Agn\u00e8s<\/a><\/div>\n\n\n\n<div class=\"wp-block-button is-style-outline is-style-outline--2\"><a class=\"wp-block-button__link wp-element-button\" href=\"gabrielle.dipasquale15@gmail.com\">Demande de bon cadeau avec Gabrielle<\/a><\/div>\n<\/div>\n<\/div>\n<\/div>\n\n\n\n<div class=\"wp-block-buttons is-content-justification-space-between is-layout-flex wp-container-core-buttons-is-layout-3d213aab wp-block-buttons-is-layout-flex\">\n<div class=\"wp-block-button\"><a class=\"wp-block-button__link wp-element-button\" href=\"https:\/\/www.crenolibre.fr\/therapeute\/medecine-chinoise\/aubagne\/13400\/78870-agnes_hourtane\">Prendre rendez-vous avec Agn\u00e8s<\/a><\/div>\n\n\n\n<div class=\"wp-block-button\"><a class=\"wp-block-button__link wp-element-button\" href=\"https:\/\/www.crenolibre.fr\/therapeute\/medecine-traditionnelle-chinoise-massage-tuina-qi-nei-tsang\/aubagne\/13400\/120631-gabrielle_di-pasquale\">Prendre rendez-vous avec Gabrielle<\/a><\/div>\n<\/div>\n\n\n\n<p><\/p>\n","protected":false},"excerpt":{"rendered":"<p>Pour ceux qui souhaitent un moment de d\u00e9tente, de r\u00e9g\u00e9n\u00e9ration ou ceux qui recherchent des id\u00e9es cadeaux.<\/p>\n","protected":false},"author":1,"featured_media":0,"parent":0,"menu_order":0,"comment_status":"closed","ping_status":"closed","template":"","meta":{"footnotes":""},"class_list":["post-261","page","type-page","status-publish","hentry"],"_links":{"self":[{"href":"https:\/\/medecine-chinoise-aubagne.com\/index.php\/wp-json\/wp\/v2\/pages\/261","targetHints":{"allow":["GET"]}}],"collection":[{"href":"https:\/\/medecine-chinoise-aubagne.com\/index.php\/wp-json\/wp\/v2\/pages"}],"about":[{"href":"https:\/\/medecine-chinoise-aubagne.com\/index.php\/wp-json\/wp\/v2\/types\/page"}],"author":[{"embeddable":true,"href":"https:\/\/medecine-chinoise-aubagne.com\/index.php\/wp-json\/wp\/v2\/users\/1"}],"replies":[{"embeddable":true,"href":"https:\/\/medecine-chinoise-aubagne.com\/index.php\/wp-json\/wp\/v2\/comments?post=261"}],"version-history":[{"count":14,"href":"https:\/\/medecine-chinoise-aubagne.com\/index.php\/wp-json\/wp\/v2\/pages\/261\/revisions"}],"predecessor-version":[{"id":370,"href":"https:\/\/medecine-chinoise-aubagne.com\/index.php\/wp-json\/wp\/v2\/pages\/261\/revisions\/370"}],"wp:attachment":[{"href":"https:\/\/medecine-chinoise-aubagne.com\/index.php\/wp-json\/wp\/v2\/media?parent=261"}],"curies":[{"name":"wp","href":"https:\/\/api.w.org\/{rel}","templated":true}]}}